{"id":1336,"date":"2024-11-25T13:38:10","date_gmt":"2024-11-25T12:38:10","guid":{"rendered":"http:\/\/www.gruene-wolfhagen.de\/?page_id=1336"},"modified":"2026-02-09T17:04:58","modified_gmt":"2026-02-09T16:04:58","slug":"gruene-stadtverordnetenfraktion","status":"publish","type":"page","link":"http:\/\/www.gruene-wolfhagen.de\/?page_id=1336","title":{"rendered":"Politik der Gr\u00fcnen Stadtverordnetenfraktion"},"content":{"rendered":"\n<p>Unsere Gr\u00fcne Fraktion hat ihre Wahlaussagen eingehalten und zu allen, bei der Kommunalwahl genannten Themen Antr\u00e4ge in der Stadtverordnetenversammlung Wolfhagen gestellt. Hier eine kleine Auswahl der Themen:<\/p>\n\n\n\n<p><strong>Klimaschutz ber\u00fccksichtigen.<\/strong> Gleich zu Beginn der Legislaturperiode konnten wir erreichen, dass in der Stadtverwaltung Wolfhagen bei allen gr\u00f6\u00dferen Vorhaben und Investitonen eine sog. Klimarelevanzpr\u00fcfung vorgeschaltet wird. Das klingt nach mehr B\u00fcrokratie, hilft aber Fehlentscheidungen mit Folgekosten zu vermeiden. Konkret: Bevor, bspw. Auftr\u00e4ge an Firmen vergeben werden oder neue Anschaffungen get\u00e4tigt werden, erfolgt eine \u00dcberpr\u00fcfung m\u00f6glicher, klimabezogener Auswirkungen der geplanten Ma\u00dfnahme. Womit ist zu rechnen, wie k\u00f6nnen klimasch\u00e4dliche Auswirkungen, z.B. die CO\u00b2-Belastung, reduziert werden? Muss man evtluell noch einmal grunds\u00e4tzlich unter Klimagesichtspunkten \u00fcber das geplante Projekt nachdenken, andere L\u00f6sungen bevorzugen? Besonders augenf\u00e4llig wird dies bspw. bei Neuanschaffungen im Fuhrpark oder bei Maschinen.<\/p>\n\n\n\n<p><strong>Wohnqualit\u00e4t erhalten und verbessern.<\/strong> Die Stadt Wolfhagen soll der &#8222;Initiative f\u00fcr lebenswerte St\u00e4dte durch angemessene Geschwindigkeiten&#8220; beitreten. Auch ein Antrag der gr\u00fcnen Fraktion. Ziel ist es, den St\u00e4dten und Gemeinden die eigene Entscheidungsgewalt zu geben, innerhalb von Ortsgebieten\/Stadtquartieren selbst entscheiden zu k\u00f6nnen, welche Geschwindigkeitsregeln dort gelten sollen. Damit soll die Wohnqualit\u00e4t durch Lrmschutz, Emissionsschutz und Verkehrssicherheit f\u00fcr Fu\u00dfg\u00e4nger, Radfahrer, insbesondere auch Kinder, in sensiblen Bereichen verbessert werden. Die Stadtverordnetenversammlung (STVO) ist unserem Antrag gefolgt.<\/p>\n\n\n\n<p><strong>Ein gutes Radwegekonzept.<\/strong> Ein gro\u00dfes Thema ist die Umsetzung des Radwegekonzeptes der Stadt wolfhagen, mit dem Ziel alle Ortsteile mit Radwegen so zu verbinden, dass eine einfache, sichere und schnelle Erreichbarkeit gegeben und der Umstieg auf das Fahrrad attraktiv ist. Auf unsere Initiative hin wurde eine Radfahr-AG als Beratungsgremium eingerichtet, dass die Realisierung vorantreibt. Wir sind da hochaktiv dran! Wir luden ein, besichtigten vor Ort, konferierten mit dem Radverkehrsbeauftragten des Landkreises, ADFC-Fachleuten und erreichten auch, dass ein j\u00e4hrliches Budget f\u00fcr die Umsetzung im st\u00e4dt. Haushaltsplan eingerichtet wurde. Inzwischen steht auch der vieldiskutierte Radweg vom Bahnhof l\u00e4ngs der Landstra\u00dfe in Richtung Nothfelden\/Altenhasungen\/Wenigenhasungen mit seiner kritischen Situation &#8218;Oleim\u00fchle&#8216; bei HessenMobil mit Priorit\u00e4t 1 auf der Realisierungsagenda steht und eine 100% F\u00f6rderung erreicht werden konnte.<\/p>\n\n\n\n<p><strong>Umweltschutz auf st\u00e4dtischen, verpachteten Fl\u00e4chen. <\/strong>In den ersten Monaten unserer Stadtverordnetent\u00e4tigkeit ab Mai 2021 (Gr\u00fcne: 5 Sitze \/ BWB: 5 Sitze \/ CDU: 10 Sitze \/ SPD: 10 Sitze) haben wir auch einen Antrag zur verbindlichen Vorgabe f\u00fcr Pachtvertr\u00e4ge in der Gemarkung Wolfhagens auf Pestizide und Fungizide bei der landwirtschaftlichen Nutzung zu verzichten.<\/p>\n\n\n\n<p><strong>Lebenswerte Innenstadt.<\/strong> Die gr\u00fcne Fraktion beteiligt sich mit guten Vorschl\u00e4gen dazu. Denn sie sieht Handlungsbedarf in der Stadtentwicklung zur Rettung von Fachwerkh\u00e4usern, dem Hitzeschutz in Kernbereichen der Innenstadt, dem Erhalten wirtschaftlicher Attraktivit\u00e4t der Innenstadt und der touristischen Weiterentwicklung im Sinne von &#8222;Sanfter Tourismus mit Wandern und Radeln im sch\u00f6nen Wolfhager Land&#8220;. Das ist nicht einfach, denn die Einflu\u00dfgr\u00f6\u00dfen sind sehr unterschiedlich und vielf\u00e4ltig, wie z.B. bestehende Eigentumsverh\u00e4ltnisse oder Marktentwicklungen einschlie\u00dflich Internethandel.<\/p>\n\n\n\n<p><\/p>\n","protected":false},"excerpt":{"rendered":"<p>Unsere Gr\u00fcne Fraktion hat ihre Wahlaussagen eingehalten und zu allen, bei der Kommunalwahl genannten Themen Antr\u00e4ge in der Stadtverordnetenversammlung Wolfhagen gestellt. Hier eine kleine Auswahl der Themen: Klimaschutz ber\u00fccksichtigen. Gleich [&hellip;]<\/p>\n","protected":false},"author":3,"featured_media":0,"parent":0,"menu_order":1,"comment_status":"closed","ping_status":"closed","template":"","meta":{"ngg_post_thumbnail":0,"footnotes":""},"class_list":["post-1336","page","type-page","status-publish","hentry"],"_links":{"self":[{"href":"http:\/\/www.gruene-wolfhagen.de\/index.php?rest_route=\/wp\/v2\/pages\/1336","targetHints":{"allow":["GET"]}}],"collection":[{"href":"http:\/\/www.gruene-wolfhagen.de\/index.php?rest_route=\/wp\/v2\/pages"}],"about":[{"href":"http:\/\/www.gruene-wolfhagen.de\/index.php?rest_route=\/wp\/v2\/types\/page"}],"author":[{"embeddable":true,"href":"http:\/\/www.gruene-wolfhagen.de\/index.php?rest_route=\/wp\/v2\/users\/3"}],"replies":[{"embeddable":true,"href":"http:\/\/www.gruene-wolfhagen.de\/index.php?rest_route=%2Fwp%2Fv2%2Fcomments&post=1336"}],"version-history":[{"count":6,"href":"http:\/\/www.gruene-wolfhagen.de\/index.php?rest_route=\/wp\/v2\/pages\/1336\/revisions"}],"predecessor-version":[{"id":1521,"href":"http:\/\/www.gruene-wolfhagen.de\/index.php?rest_route=\/wp\/v2\/pages\/1336\/revisions\/1521"}],"wp:attachment":[{"href":"http:\/\/www.gruene-wolfhagen.de\/index.php?rest_route=%2Fwp%2Fv2%2Fmedia&parent=1336"}],"curies":[{"name":"wp","href":"https:\/\/api.w.org\/{rel}","templated":true}]}}