{"id":6,"date":"2011-05-31T18:52:58","date_gmt":"2011-05-31T16:52:58","guid":{"rendered":"http:\/\/www.uup-webdesign.de\/gruene-sonneberg\/?page_id=6"},"modified":"2026-02-09T21:21:31","modified_gmt":"2026-02-09T20:21:31","slug":"wir-uber-uns","status":"publish","type":"page","link":"http:\/\/www.gruene-wolfhagen.de\/?page_id=6","title":{"rendered":"\u00dcber uns"},"content":{"rendered":"<div class=\"mceTemp mceIEcenter\" style=\"text-align: left;\"><strong>Wolfhagen<\/strong> ist&#8230;<\/div>\n<div class=\"mceTemp mceIEcenter\" style=\"text-align: left;\">eine&nbsp;nordhessische Kleinstadt&nbsp;mit historischem Fachwerkkern im Landkreis Kassel,&nbsp;im \u00e4u\u00dfersten Westen des Naturparks Habichtswald. \u00d6stlich der Stadt befindet sich der Ofenberg, jenseits davon ragt der Isthaberg empor.<\/div>\n<div class=\"mceTemp mceIEcenter\" style=\"text-align: left;\">Die Stadt befindet sich am M\u00fchlenwasser, einem kleinen Zufluss der Erpe, welche die Stadt im Nordosten passiert. Die Altstadt von Wolfhagen liegt auf einem H\u00fcgel im sogenannten <em>Wolfhager Graben<\/em>, einem n\u00f6rdlich gelegenen Teil der Westhessischen Senke.<\/div>\n<div class=\"mceTemp mceIEcenter\" style=\"text-align: left;\">Neuere Teile der Stadt wurden auf dem benachbarten Teichberg sowie am Fu\u00df des Ofenbergs und Gotzenbergs angelegt. Neben der Kernstadt mit Bahnhof (Strecke Korbach &#8211; Kassel. RE oder Regiotram) hat Wolfhagen 12 Stadtteile und insgesamt 12 800 Einwohner.<\/div>\n<div class=\"mceTemp mceIEcenter\" style=\"text-align: left;\">&nbsp;<\/div>\n<div class=\"mceTemp mceIEcenter\" style=\"text-align: left;\">Der Ortsverband von B\u00fcndnis 90 \/ Die Gr\u00fcnen in Wolfhagen wurde am 27.10.2010 gegr\u00fcndet und hat in 2011 bei der Kommunalwahl 14,2 % der Stimmen der Wolfhager B\u00fcrger auf sich vereinen k\u00f6nnen. 4 gr\u00fcne Stadtverordnete konnten damit Einzug in die Stadtverordnetenversammlung von Wolfhagen halten. <strong>Im Magistrat der Stadt arbeitet seitdem ein Stadtrat an der Vertretung gr\u00fcner Interessen.<\/strong> Zur Kommunalwahl 2016 traten die Gr\u00fcnen nur mit 9 statt 11 Kandidaten an und verschenkten so Stimmen, aber erreichten dennoch 11,1 % und hatten mit Dr. Axel Vetter einen Kandidaten, der im Einzelstimmenranking Platz 5 belegen konnte. <strong>Bei der Kommunalwahl 2021 erreichten die Gr\u00fcnen 15,11% und damit 5 Sitze im Stadtparlament.<\/strong> Dr. Matthias Hughes erreichte als gr\u00fcner Spitzenkandidat mit 3.793 Stimmen genau 17 Stimmen weniger als der Erstplazierte Christoph L\u00fcbcke, Spitzenkandidat der CDU und ist seitdem gr\u00fcner Fraktionsvorsitzender. Als erfahrenes gr\u00fcnes Magistratsmitglied ist weiterhin Roman Krettek aktiv.<\/div>\n<div class=\"mceTemp mceIEcenter\" style=\"text-align: left;\">&nbsp;<\/div>\n<div class=\"mceTemp mceIEcenter\" style=\"text-align: left;\">&nbsp;<\/div>\n\n\n<p class=\"has-grashalm-background-color has-background\"><strong>F\u00fcr alle, die Lust haben<\/strong> an gr\u00fcner Arbeit oder am Austausch von Gedanken und Informationen in einer offenen und freundlichen Runde:  <strong>Wir treffen uns<\/strong> &#8211; wenn es sich realisieren l\u00e4sst &#8211; alle zwei Monate mittwochs um 19:00 <strong>zum politischen gr\u00fcnen Stammtisch <\/strong>-meistens- im Restaurant &#8222;Zum Chattenturm&#8220; oder in der Gastst\u00e4tte &#8222;Zur Knackenburg&#8220;. Das Treffen in lockerer Runde ist \u00f6ffentlich. Wir laden dazu auch per Rund-eMail ein. Wer gerne per eMail zum Stammtisch erinnert\/eingeladen werden m\u00f6chte: Kurze eMail an post@gruene-wolfhagen.de gen\u00fcgt. Der aktuelle Termin steht auch in der HNA und auf unserer Website.<\/p>\n\n\n\n<p><\/p>\n","protected":false},"excerpt":{"rendered":"<p>Wolfhagen ist&#8230; eine&nbsp;nordhessische Kleinstadt&nbsp;mit historischem Fachwerkkern im Landkreis Kassel,&nbsp;im \u00e4u\u00dfersten Westen des Naturparks Habichtswald. \u00d6stlich der Stadt befindet sich der Ofenberg, jenseits davon ragt der Isthaberg empor. Die Stadt befindet [&hellip;]<\/p>\n","protected":false},"author":1,"featured_media":0,"parent":0,"menu_order":2,"comment_status":"closed","ping_status":"closed","template":"","meta":{"ngg_post_thumbnail":0,"footnotes":""},"class_list":["post-6","page","type-page","status-publish","hentry"],"_links":{"self":[{"href":"http:\/\/www.gruene-wolfhagen.de\/index.php?rest_route=\/wp\/v2\/pages\/6","targetHints":{"allow":["GET"]}}],"collection":[{"href":"http:\/\/www.gruene-wolfhagen.de\/index.php?rest_route=\/wp\/v2\/pages"}],"about":[{"href":"http:\/\/www.gruene-wolfhagen.de\/index.php?rest_route=\/wp\/v2\/types\/page"}],"author":[{"embeddable":true,"href":"http:\/\/www.gruene-wolfhagen.de\/index.php?rest_route=\/wp\/v2\/users\/1"}],"replies":[{"embeddable":true,"href":"http:\/\/www.gruene-wolfhagen.de\/index.php?rest_route=%2Fwp%2Fv2%2Fcomments&post=6"}],"version-history":[{"count":28,"href":"http:\/\/www.gruene-wolfhagen.de\/index.php?rest_route=\/wp\/v2\/pages\/6\/revisions"}],"predecessor-version":[{"id":1547,"href":"http:\/\/www.gruene-wolfhagen.de\/index.php?rest_route=\/wp\/v2\/pages\/6\/revisions\/1547"}],"wp:attachment":[{"href":"http:\/\/www.gruene-wolfhagen.de\/index.php?rest_route=%2Fwp%2Fv2%2Fmedia&parent=6"}],"curies":[{"name":"wp","href":"https:\/\/api.w.org\/{rel}","templated":true}]}}